{"id":9,"date":"2022-07-14T22:29:53","date_gmt":"2022-07-14T22:29:53","guid":{"rendered":"https:\/\/drwebperu.com\/tienda\/index.php\/cart\/"},"modified":"2022-10-28T11:59:11","modified_gmt":"2022-10-28T16:59:11","slug":"carrito-de-compras","status":"publish","type":"page","link":"https:\/\/drwebperu.com\/tienda\/carrito-de-compras\/","title":{"rendered":"Carrito de Compras"},"content":{"rendered":"\t\t<div data-elementor-type=\"wp-page\" data-elementor-id=\"9\" class=\"elementor elementor-9\">\n\t\t\t\t\t\t\t\t\t<section class=\"elementor-section elementor-top-section elementor-element elementor-element-4eb4d1e elementor-section-boxed elementor-section-height-default elementor-section-height-default\" data-id=\"4eb4d1e\" data-element_type=\"section\">\n\t\t\t\t\t\t<div class=\"elementor-container elementor-column-gap-default\">\n\t\t\t\t\t<div class=\"elementor-column elementor-col-100 elementor-top-column elementor-element elementor-element-c166504\" data-id=\"c166504\" data-element_type=\"column\">\n\t\t\t<div class=\"elementor-widget-wrap elementor-element-populated\">\n\t\t\t\t\t\t\t\t<div class=\"elementor-element elementor-element-37100a5 elementor-widget elementor-widget-shortcode\" data-id=\"37100a5\" data-element_type=\"widget\" data-widget_type=\"shortcode.default\">\n\t\t\t\t<div class=\"elementor-widget-container\">\n\t\t\t\t\t<div class=\"elementor-shortcode\"><\/div>\n\t\t\t\t<\/div>\n\t\t\t\t<\/div>\n\t\t\t\t\t<\/div>\n\t\t<\/div>\n\t\t\t\t\t\t\t<\/div>\n\t\t<\/section>\n\t\t\t\t<section class=\"elementor-section elementor-top-section elementor-element elementor-element-7b96fcb7 elementor-section-content-middle elementor-section-boxed elementor-section-height-default elementor-section-height-default\" data-id=\"7b96fcb7\" data-element_type=\"section\" data-settings=\"{&quot;background_background&quot;:&quot;gradient&quot;}\">\n\t\t\t\t\t\t<div class=\"elementor-container elementor-column-gap-default\">\n\t\t\t\t\t<div class=\"elementor-column elementor-col-25 elementor-top-column elementor-element elementor-element-4cde8a47\" data-id=\"4cde8a47\" data-element_type=\"column\">\n\t\t\t<div class=\"elementor-widget-wrap elementor-element-populated\">\n\t\t\t\t\t\t\t\t<div class=\"elementor-element elementor-element-5cd8a01e elementor-widget elementor-widget-text-editor\" data-id=\"5cd8a01e\" data-element_type=\"widget\" data-widget_type=\"text-editor.default\">\n\t\t\t\t<div class=\"elementor-widget-container\">\n\t\t\t<style>\/*! elementor - v3.15.0 - 02-08-2023 *\/\n.elementor-widget-text-editor.elementor-drop-cap-view-stacked .elementor-drop-cap{background-color:#69727d;color:#fff}.elementor-widget-text-editor.elementor-drop-cap-view-framed .elementor-drop-cap{color:#69727d;border:3px solid;background-color:transparent}.elementor-widget-text-editor:not(.elementor-drop-cap-view-default) .elementor-drop-cap{margin-top:8px}.elementor-widget-text-editor:not(.elementor-drop-cap-view-default) .elementor-drop-cap-letter{width:1em;height:1em}.elementor-widget-text-editor .elementor-drop-cap{float:left;text-align:center;line-height:1;font-size:50px}.elementor-widget-text-editor .elementor-drop-cap-letter{display:inline-block}<\/style>\t\t\t\t<table style=\"border: none;\" width=\"100%\" cellspacing=\"0\" cellpadding=\"0\">\n<tbody>\n<tr>\n<td style=\"border-bottom: none; width: 22%; padding: 0;\"><img decoding=\"async\" style=\"max-height: 50px;\" src=\"https:\/\/drwebperu.com\/tienda\/wp-content\/uploads\/2022\/07\/icon-contacto-1.png\" \/><\/td>\n<td style=\"border-bottom: medium none; line-height: 18px; text-align: left; color: #fff;\"><b style=\"line-height: 22px; font-size: 18px; \/*! color: #fff;\">Precios finales\n<\/b>Impuestos incluidos<\/td>\n<\/tr>\n<\/tbody>\n<\/table>\t\t\t\t\t\t<\/div>\n\t\t\t\t<\/div>\n\t\t\t\t\t<\/div>\n\t\t<\/div>\n\t\t\t\t<div class=\"elementor-column elementor-col-25 elementor-top-column elementor-element elementor-element-36df1a33\" data-id=\"36df1a33\" data-element_type=\"column\">\n\t\t\t<div class=\"elementor-widget-wrap elementor-element-populated\">\n\t\t\t\t\t\t\t\t<div class=\"elementor-element elementor-element-22101cc6 elementor-widget elementor-widget-text-editor\" data-id=\"22101cc6\" data-element_type=\"widget\" data-widget_type=\"text-editor.default\">\n\t\t\t\t<div class=\"elementor-widget-container\">\n\t\t\t\t\t\t\t<table style=\"border: none;\" width=\"100%\" cellspacing=\"0\" cellpadding=\"0\">\n<tbody>\n<tr>\n<td style=\"border-bottom: none; width: 22%; padding: 0;\"><img decoding=\"async\" style=\"max-height: 50px;\" src=\"https:\/\/drwebperu.com\/tienda\/wp-content\/uploads\/2022\/07\/icon-contacto-2.png\" \/><\/td>\n<td style=\"border-bottom: medium none; line-height: 18px; text-align: left; color: #fff;\"><b style=\"line-height: 22px; font-size: 18px; \/*! color: #fff;\">Recibe Gratis\n<\/b>Tu licencia por E-mail<\/td>\n<\/tr>\n<\/tbody>\n<\/table>\t\t\t\t\t\t<\/div>\n\t\t\t\t<\/div>\n\t\t\t\t\t<\/div>\n\t\t<\/div>\n\t\t\t\t<div class=\"elementor-column elementor-col-25 elementor-top-column elementor-element elementor-element-1db1fa45\" data-id=\"1db1fa45\" data-element_type=\"column\">\n\t\t\t<div class=\"elementor-widget-wrap elementor-element-populated\">\n\t\t\t\t\t\t\t\t<div class=\"elementor-element elementor-element-37b31ad5 elementor-widget elementor-widget-text-editor\" data-id=\"37b31ad5\" data-element_type=\"widget\" data-widget_type=\"text-editor.default\">\n\t\t\t\t<div class=\"elementor-widget-container\">\n\t\t\t\t\t\t\t<table style=\"border: none;\" width=\"100%\" cellspacing=\"0\" cellpadding=\"0\">\n<tbody>\n<tr>\n<td style=\"border-bottom: none; width: 22%; padding: 0;\"><img decoding=\"async\" style=\"max-height: 50px;\" src=\"https:\/\/drwebperu.com\/tienda\/wp-content\/uploads\/2022\/07\/icon-contacto-3.png\" \/><\/td>\n<td style=\"border-bottom: medium none; line-height: 18px; text-align: left; color: #fff;\"><b style=\"line-height: 22px; font-size: 18px; \/*! color: #fff;\">Soporte T\u00e9cnico\n<\/b>Gratuito en espa\u00f1ol<\/td>\n<\/tr>\n<\/tbody>\n<\/table>\t\t\t\t\t\t<\/div>\n\t\t\t\t<\/div>\n\t\t\t\t\t<\/div>\n\t\t<\/div>\n\t\t\t\t<div class=\"elementor-column elementor-col-25 elementor-top-column elementor-element elementor-element-41877a13\" data-id=\"41877a13\" data-element_type=\"column\">\n\t\t\t<div class=\"elementor-widget-wrap elementor-element-populated\">\n\t\t\t\t\t\t\t\t<div class=\"elementor-element elementor-element-31ecb000 elementor-widget elementor-widget-text-editor\" data-id=\"31ecb000\" data-element_type=\"widget\" data-widget_type=\"text-editor.default\">\n\t\t\t\t<div class=\"elementor-widget-container\">\n\t\t\t\t\t\t\t<table style=\"border: none;\" width=\"100%\" cellspacing=\"0\" cellpadding=\"0\">\n<tbody>\n<tr>\n<td style=\"border-bottom: none; width: 22%; padding: 0;\"><img decoding=\"async\" style=\"max-height: 50px;\" src=\"https:\/\/drwebperu.com\/tienda\/wp-content\/uploads\/2022\/07\/icon-contacto-4.png\" \/><\/td>\n<td style=\"border-bottom: medium none; line-height: 18px; text-align: left; color: #fff;\"><b style=\"line-height: 22px; font-size: 18px; \/*! color: #fff;\">Garant\u00eda de Reembolso\n<\/b>Por 30 d\u00edas<\/td>\n<\/tr>\n<\/tbody>\n<\/table>\t\t\t\t\t\t<\/div>\n\t\t\t\t<\/div>\n\t\t\t\t\t<\/div>\n\t\t<\/div>\n\t\t\t\t\t\t\t<\/div>\n\t\t<\/section>\n\t\t\t\t\t\t\t<\/div>\n\t\t","protected":false},"excerpt":{"rendered":"<p>Precios finales Impuestos incluidos Recibe Gratis Tu licencia por E-mail Soporte T\u00e9cnico Gratuito en espa\u00f1ol Garant\u00eda de Reembolso Por 30 d\u00edas<\/p>\n","protected":false},"author":3,"featured_media":0,"parent":0,"menu_order":0,"comment_status":"closed","ping_status":"closed","template":"elementor_header_footer","meta":{"_joinchat":[],"footnotes":""},"class_list":["post-9","page","type-page","status-publish","hentry"],"acf":[],"_links":{"self":[{"href":"https:\/\/drwebperu.com\/tienda\/wp-json\/wp\/v2\/pages\/9","targetHints":{"allow":["GET"]}}],"collection":[{"href":"https:\/\/drwebperu.com\/tienda\/wp-json\/wp\/v2\/pages"}],"about":[{"href":"https:\/\/drwebperu.com\/tienda\/wp-json\/wp\/v2\/types\/page"}],"author":[{"embeddable":true,"href":"https:\/\/drwebperu.com\/tienda\/wp-json\/wp\/v2\/users\/3"}],"replies":[{"embeddable":true,"href":"https:\/\/drwebperu.com\/tienda\/wp-json\/wp\/v2\/comments?post=9"}],"version-history":[{"count":35,"href":"https:\/\/drwebperu.com\/tienda\/wp-json\/wp\/v2\/pages\/9\/revisions"}],"predecessor-version":[{"id":9437,"href":"https:\/\/drwebperu.com\/tienda\/wp-json\/wp\/v2\/pages\/9\/revisions\/9437"}],"wp:attachment":[{"href":"https:\/\/drwebperu.com\/tienda\/wp-json\/wp\/v2\/media?parent=9"}],"curies":[{"name":"wp","href":"https:\/\/api.w.org\/{rel}","templated":true}]}}